{"id":4613,"date":"2019-03-11T09:57:38","date_gmt":"2019-03-11T08:57:38","guid":{"rendered":"https:\/\/www.biotechnature.com\/mentions-legales\/"},"modified":"2021-08-20T17:57:47","modified_gmt":"2021-08-20T15:57:47","slug":"mentions-legales","status":"publish","type":"page","link":"https:\/\/www.biotechnature.com\/fr\/mentions-legales\/","title":{"rendered":"Mentions L\u00e9gales"},"content":{"rendered":"\t\t<div data-elementor-type=\"wp-page\" data-elementor-id=\"4613\" class=\"elementor elementor-4613 elementor-10\" data-elementor-post-type=\"page\">\n\t\t\t\t\t\t<section class=\"elementor-section elementor-top-section elementor-element elementor-element-5f6cbea1 elementor-section-height-min-height elementor-section-content-middle elementor-section-boxed elementor-section-height-default elementor-section-items-middle\" data-id=\"5f6cbea1\" data-element_type=\"section\" data-e-type=\"section\" data-settings=\"{&quot;background_background&quot;:&quot;classic&quot;,&quot;background_motion_fx_motion_fx_scrolling&quot;:&quot;yes&quot;,&quot;background_motion_fx_devices&quot;:[&quot;desktop&quot;,&quot;tablet&quot;,&quot;mobile&quot;]}\">\n\t\t\t\t\t\t\t<div class=\"elementor-background-overlay\"><\/div>\n\t\t\t\t\t\t\t<div class=\"elementor-container elementor-column-gap-default\">\n\t\t\t\t\t<div class=\"elementor-column elementor-col-50 elementor-top-column elementor-element elementor-element-21c56d6\" data-id=\"21c56d6\" data-element_type=\"column\" data-e-type=\"column\">\n\t\t\t<div class=\"elementor-widget-wrap elementor-element-populated\">\n\t\t\t\t\t\t<div class=\"elementor-element elementor-element-1323837 elementor-widget elementor-widget-heading\" data-id=\"1323837\" data-element_type=\"widget\" data-e-type=\"widget\" data-widget_type=\"heading.default\">\n\t\t\t\t<div class=\"elementor-widget-container\">\n\t\t\t\t\t<h1 class=\"elementor-heading-title elementor-size-default\">Mentions L\u00e9gales<\/h1>\t\t\t\t<\/div>\n\t\t\t\t<\/div>\n\t\t\t\t<div class=\"elementor-element elementor-element-5cb7619c elementor-align-left elementor-widget elementor-widget-button\" data-id=\"5cb7619c\" data-element_type=\"widget\" data-e-type=\"widget\" data-widget_type=\"button.default\">\n\t\t\t\t<div class=\"elementor-widget-container\">\n\t\t\t\t\t\t\t\t\t<div class=\"elementor-button-wrapper\">\n\t\t\t\t\t<a class=\"elementor-button elementor-button-link elementor-size-lg elementor-animation-grow\" href=\"\/contact\/\">\n\t\t\t\t\t\t<span class=\"elementor-button-content-wrapper\">\n\t\t\t\t\t\t<span class=\"elementor-button-icon\">\n\t\t\t\t<i aria-hidden=\"true\" class=\"far fa-comment-alt\"><\/i>\t\t\t<\/span>\n\t\t\t\t\t\t\t\t\t<span class=\"elementor-button-text\">Contact Us<\/span>\n\t\t\t\t\t<\/span>\n\t\t\t\t\t<\/a>\n\t\t\t\t<\/div>\n\t\t\t\t\t\t\t\t<\/div>\n\t\t\t\t<\/div>\n\t\t\t\t\t<\/div>\n\t\t<\/div>\n\t\t\t\t<div class=\"elementor-column elementor-col-50 elementor-top-column elementor-element elementor-element-42470b1\" data-id=\"42470b1\" data-element_type=\"column\" data-e-type=\"column\">\n\t\t\t<div class=\"elementor-widget-wrap\">\n\t\t\t\t\t\t\t<\/div>\n\t\t<\/div>\n\t\t\t\t\t<\/div>\n\t\t<\/section>\n\t\t\t\t<section class=\"elementor-section elementor-top-section elementor-element elementor-element-0c85c36 elementor-section-boxed elementor-section-height-default elementor-section-height-default\" data-id=\"0c85c36\" data-element_type=\"section\" data-e-type=\"section\">\n\t\t\t\t\t\t<div class=\"elementor-container elementor-column-gap-default\">\n\t\t\t\t\t<div class=\"elementor-column elementor-col-100 elementor-top-column elementor-element elementor-element-a6e6c8f\" data-id=\"a6e6c8f\" data-element_type=\"column\" data-e-type=\"column\">\n\t\t\t<div class=\"elementor-widget-wrap elementor-element-populated\">\n\t\t\t\t\t\t<div class=\"elementor-element elementor-element-4fb375d elementor-widget elementor-widget-text-editor\" data-id=\"4fb375d\" data-element_type=\"widget\" data-e-type=\"widget\" data-widget_type=\"text-editor.default\">\n\t\t\t\t<div class=\"elementor-widget-container\">\n\t\t\t\t\t\t\t\t\t<ul><li>Le site internet www.biotechnature.com (ci-apr\u00e8s d\u00e9nomm\u00e9 \u00a0\u00bb le Site \u00ab\u00a0) est \u00e9dit\u00e9 et exploit\u00e9 par Biotechnature, Soci\u00e9t\u00e9 \u00e0 Responsabilit\u00e9 Limit\u00e9e au capital de 3 000 \u20ac, dont le si\u00e8ge social est situ\u00e9 Parc d&rsquo;Activit\u00e9s des Playes &#8211; 540 boulevard de l Europe &#8211; 83500 La Seyne-Sur-Mer.<\/li><li>La soci\u00e9t\u00e9 est immatricul\u00e9e au registre du commerce et des soci\u00e9t\u00e9s de Toulon sous le num\u00e9ro 513 808 030.<\/li><li>Le num\u00e9ro de TVA est FR12 513808030<\/li><li>Le repr\u00e9sentant l\u00e9gal est Monsieur Colin Wilcken<\/li><li>06.12.60.35.69<\/li><li><a href=\"mailto:info@biotechnature.com\">info@biotechnature.com<\/a><\/li><li><a href=\"https:\/\/www.biotechnature.com\/\">www.biotechnature.com <\/a>&#8211; web host: GANDI<\/li><li>Num\u00e9ro de TVA intracommunautaire : FR12 513808030<\/li><\/ul><h3>CONTACT<\/h3><ul><li>Notre service client\u00e8le peut \u00eatre contact\u00e9 par e-mail \u00e0<a href=\"mailto:info@biotechnature.com\"> info@biotechnature.com<\/a> ou par t\u00e9l\u00e9phone au 06.12.60.35.69<\/li><\/ul><h3>HOST<\/h3><ul><li>Le site est h\u00e9berg\u00e9 par Gandi SAS au 63\/65 boulevard Massena &#8211; 75013 Paris &#8211; France<\/li><\/ul><h3>LIMITATION OF RESPONSIBILITY<\/h3><ul><li><p>Nous nous effor\u00e7ons d&rsquo;assurer, au mieux de nos possibilit\u00e9s, l&rsquo;exactitude et l&rsquo;actualit\u00e9 des informations contenues sur le Site. Nous nous r\u00e9servons le droit de corriger et de modifier le contenu du Site \u00e0 tout moment et sans pr\u00e9avis. Il est de la responsabilit\u00e9 des visiteurs du Site de v\u00e9rifier les informations donn\u00e9es sur le Site par d&rsquo;autres moyens, y compris en nous contactant directement. Nous d\u00e9clinons toute responsabilit\u00e9 (a) pour toute inexactitude, impr\u00e9cision ou omission portant sur des informations disponibles sur le Site, (b) pour tout dommage r\u00e9sultant d&rsquo;une modification des informations contenues sur le Site caus\u00e9e par une \u00e9ventuelle manipulation frauduleuse par des tiers et (c) pour tout dommage, direct ou indirect, quelles qu&rsquo;en soient les causes, origines, natures ou cons\u00e9quences, caus\u00e9 en raison de l&rsquo;acc\u00e8s de quiconque au Site ou de l&rsquo;impossibilit\u00e9 d&rsquo;y acc\u00e9der, ainsi que de l&rsquo;utilisation du Site et\/ou du cr\u00e9dit accord\u00e9 \u00e0 une quelconque information provenant directement ou indirectement de ce dernier. Les limitations de responsabilit\u00e9 qui pr\u00e9c\u00e8dent ne s&rsquo;appliquent pas en cas de faute lourde ou intentionnelle de la soci\u00e9t\u00e9 Biotechnature Sarl et\/ou en cas de d\u00e9c\u00e8s d&rsquo;un consommateur ou de dommages corporels caus\u00e9s \u00e0 celui-ci, r\u00e9sultant d&rsquo;une faute de la soci\u00e9t\u00e9 Biotechnature Sarl.<\/p><\/li><\/ul>\t\t\t\t\t\t\t\t<\/div>\n\t\t\t\t<\/div>\n\t\t\t\t\t<\/div>\n\t\t<\/div>\n\t\t\t\t\t<\/div>\n\t\t<\/section>\n\t\t\t\t<\/div>\n\t\t","protected":false},"excerpt":{"rendered":"<p>Mentions L\u00e9gales Contact Us Le site internet www.biotechnature.com (ci-apr\u00e8s d\u00e9nomm\u00e9 \u00a0\u00bb le Site \u00ab\u00a0) est \u00e9dit\u00e9 et exploit\u00e9 par Biotechnature, Soci\u00e9t\u00e9 \u00e0 Responsabilit\u00e9 Limit\u00e9e au capital de 3 000 \u20ac, dont le si\u00e8ge social est situ\u00e9 Parc d&rsquo;Activit\u00e9s des Playes &#8211; 540 boulevard de l Europe &#8211; 83500 La Seyne-Sur-Mer. La soci\u00e9t\u00e9 est immatricul\u00e9e au [&hellip;]<\/p>\n","protected":false},"author":1,"featured_media":0,"parent":0,"menu_order":0,"comment_status":"closed","ping_status":"closed","template":"","meta":{"ocean_post_layout":"full-screen","ocean_both_sidebars_style":"","ocean_both_sidebars_content_width":0,"ocean_both_sidebars_sidebars_width":0,"ocean_sidebar":"0","ocean_second_sidebar":"0","ocean_disable_margins":"enable","ocean_add_body_class":"","ocean_shortcode_before_top_bar":"","ocean_shortcode_after_top_bar":"","ocean_shortcode_before_header":"","ocean_shortcode_after_header":"","ocean_has_shortcode":"","ocean_shortcode_after_title":"","ocean_shortcode_before_footer_widgets":"","ocean_shortcode_after_footer_widgets":"","ocean_shortcode_before_footer_bottom":"","ocean_shortcode_after_footer_bottom":"","ocean_display_top_bar":"default","ocean_display_header":"default","ocean_header_style":"","ocean_center_header_left_menu":"0","ocean_custom_header_template":"0","ocean_custom_logo":0,"ocean_custom_retina_logo":0,"ocean_custom_logo_max_width":0,"ocean_custom_logo_tablet_max_width":0,"ocean_custom_logo_mobile_max_width":0,"ocean_custom_logo_max_height":0,"ocean_custom_logo_tablet_max_height":0,"ocean_custom_logo_mobile_max_height":0,"ocean_header_custom_menu":"0","ocean_menu_typo_font_family":"0","ocean_menu_typo_font_subset":"","ocean_menu_typo_font_size":0,"ocean_menu_typo_font_size_tablet":0,"ocean_menu_typo_font_size_mobile":0,"ocean_menu_typo_font_size_unit":"px","ocean_menu_typo_font_weight":"","ocean_menu_typo_font_weight_tablet":"","ocean_menu_typo_font_weight_mobile":"","ocean_menu_typo_transform":"","ocean_menu_typo_transform_tablet":"","ocean_menu_typo_transform_mobile":"","ocean_menu_typo_line_height":0,"ocean_menu_typo_line_height_tablet":0,"ocean_menu_typo_line_height_mobile":0,"ocean_menu_typo_line_height_unit":"","ocean_menu_typo_spacing":0,"ocean_menu_typo_spacing_tablet":0,"ocean_menu_typo_spacing_mobile":0,"ocean_menu_typo_spacing_unit":"","ocean_menu_link_color":"","ocean_menu_link_color_hover":"","ocean_menu_link_color_active":"","ocean_menu_link_background":"","ocean_menu_link_hover_background":"","ocean_menu_link_active_background":"","ocean_menu_social_links_bg":"","ocean_menu_social_hover_links_bg":"","ocean_menu_social_links_color":"","ocean_menu_social_hover_links_color":"","ocean_disable_title":"on","ocean_disable_heading":"default","ocean_post_title":"","ocean_post_subheading":"","ocean_post_title_style":"","ocean_post_title_background_color":"","ocean_post_title_background":0,"ocean_post_title_bg_image_position":"","ocean_post_title_bg_image_attachment":"","ocean_post_title_bg_image_repeat":"","ocean_post_title_bg_image_size":"","ocean_post_title_height":0,"ocean_post_title_bg_overlay":0.5,"ocean_post_title_bg_overlay_color":"","ocean_disable_breadcrumbs":"default","ocean_breadcrumbs_color":"","ocean_breadcrumbs_separator_color":"","ocean_breadcrumbs_links_color":"","ocean_breadcrumbs_links_hover_color":"","ocean_display_footer_widgets":"default","ocean_display_footer_bottom":"default","ocean_custom_footer_template":"0","ofc_enable_fullscreen":"disable","ofc_fullscreen_speed":0,"ofc_fullscreen_nav":"enable","ofc_fullscreen_nav_pos":"right","ofc_fullscreen_nav_color":"","ofc_fullscreen_nav_tooltip_color":"","ofc_fullscreen_responsive":0,"osh_disable_topbar_sticky":"default","osh_disable_header_sticky":"default","osh_sticky_header_style":"default","osh_sticky_header_effect":"","osh_custom_sticky_logo":0,"osh_custom_retina_sticky_logo":0,"osh_custom_sticky_logo_height":0,"osh_background_color":"","osh_links_color":"","osh_links_hover_color":"","osh_links_active_color":"","osh_links_bg_color":"","osh_links_hover_bg_color":"","osh_links_active_bg_color":"","osh_menu_social_links_color":"","osh_menu_social_hover_links_color":"","footnotes":""},"class_list":["post-4613","page","type-page","status-publish","hentry","entry","owp-thumbs-layout-horizontal","owp-btn-big","owp-tabs-layout-section","has-no-thumbnails","has-product-nav"],"yoast_head":"<!-- This site is optimized with the Yoast SEO plugin v27.4 - https:\/\/yoast.com\/product\/yoast-seo-wordpress\/ -->\n<title>Mentions L\u00e9gales - Biotechnature<\/title>\n<meta name=\"robots\" content=\"noindex, nofollow\" \/>\n<meta property=\"og:locale\" content=\"fr_FR\" \/>\n<meta property=\"og:type\" content=\"article\" \/>\n<meta property=\"og:title\" content=\"Mentions L\u00e9gales - Biotechnature\" \/>\n<meta property=\"og:description\" content=\"Mentions L\u00e9gales Contact Us Le site internet www.biotechnature.com (ci-apr\u00e8s d\u00e9nomm\u00e9 \u00a0\u00bb le Site \u00ab\u00a0) est \u00e9dit\u00e9 et exploit\u00e9 par Biotechnature, Soci\u00e9t\u00e9 \u00e0 Responsabilit\u00e9 Limit\u00e9e au capital de 3 000 \u20ac, dont le si\u00e8ge social est situ\u00e9 Parc d&rsquo;Activit\u00e9s des Playes &#8211; 540 boulevard de l Europe &#8211; 83500 La Seyne-Sur-Mer. La soci\u00e9t\u00e9 est immatricul\u00e9e au [&hellip;]\" \/>\n<meta property=\"og:url\" content=\"https:\/\/www.biotechnature.com\/fr\/mentions-legales\/\" \/>\n<meta property=\"og:site_name\" content=\"Biotechnature\" \/>\n<meta property=\"article:modified_time\" content=\"2021-08-20T15:57:47+00:00\" \/>\n<meta name=\"twitter:card\" content=\"summary_large_image\" \/>\n<meta name=\"twitter:label1\" content=\"Dur\u00e9e de lecture estim\u00e9e\" \/>\n\t<meta name=\"twitter:data1\" content=\"2 minutes\" \/>\n<script type=\"application\/ld+json\" class=\"yoast-schema-graph\">{\"@context\":\"https:\\\/\\\/schema.org\",\"@graph\":[{\"@type\":\"WebPage\",\"@id\":\"https:\\\/\\\/www.biotechnature.com\\\/fr\\\/mentions-legales\\\/\",\"url\":\"https:\\\/\\\/www.biotechnature.com\\\/fr\\\/mentions-legales\\\/\",\"name\":\"Mentions L\u00e9gales - Biotechnature\",\"isPartOf\":{\"@id\":\"https:\\\/\\\/www.biotechnature.com\\\/fr\\\/#website\"},\"datePublished\":\"2019-03-11T08:57:38+00:00\",\"dateModified\":\"2021-08-20T15:57:47+00:00\",\"breadcrumb\":{\"@id\":\"https:\\\/\\\/www.biotechnature.com\\\/fr\\\/mentions-legales\\\/#breadcrumb\"},\"inLanguage\":\"fr-FR\",\"potentialAction\":[{\"@type\":\"ReadAction\",\"target\":[\"https:\\\/\\\/www.biotechnature.com\\\/fr\\\/mentions-legales\\\/\"]}]},{\"@type\":\"BreadcrumbList\",\"@id\":\"https:\\\/\\\/www.biotechnature.com\\\/fr\\\/mentions-legales\\\/#breadcrumb\",\"itemListElement\":[{\"@type\":\"ListItem\",\"position\":1,\"name\":\"Accueil\",\"item\":\"https:\\\/\\\/www.biotechnature.com\\\/fr\\\/\"},{\"@type\":\"ListItem\",\"position\":2,\"name\":\"Mentions L\u00e9gales\"}]},{\"@type\":\"WebSite\",\"@id\":\"https:\\\/\\\/www.biotechnature.com\\\/fr\\\/#website\",\"url\":\"https:\\\/\\\/www.biotechnature.com\\\/fr\\\/\",\"name\":\"Biotechnature\",\"description\":\"\",\"publisher\":{\"@id\":\"https:\\\/\\\/www.biotechnature.com\\\/fr\\\/#organization\"},\"potentialAction\":[{\"@type\":\"SearchAction\",\"target\":{\"@type\":\"EntryPoint\",\"urlTemplate\":\"https:\\\/\\\/www.biotechnature.com\\\/fr\\\/?s={search_term_string}\"},\"query-input\":{\"@type\":\"PropertyValueSpecification\",\"valueRequired\":true,\"valueName\":\"search_term_string\"}}],\"inLanguage\":\"fr-FR\"},{\"@type\":\"Organization\",\"@id\":\"https:\\\/\\\/www.biotechnature.com\\\/fr\\\/#organization\",\"name\":\"Biotechnature\",\"url\":\"https:\\\/\\\/www.biotechnature.com\\\/fr\\\/\",\"logo\":{\"@type\":\"ImageObject\",\"inLanguage\":\"fr-FR\",\"@id\":\"https:\\\/\\\/www.biotechnature.com\\\/fr\\\/#\\\/schema\\\/logo\\\/image\\\/\",\"url\":\"https:\\\/\\\/www.biotechnature.com\\\/wp-content\\\/uploads\\\/logo-biotechnature.png\",\"contentUrl\":\"https:\\\/\\\/www.biotechnature.com\\\/wp-content\\\/uploads\\\/logo-biotechnature.png\",\"width\":1200,\"height\":132,\"caption\":\"Biotechnature\"},\"image\":{\"@id\":\"https:\\\/\\\/www.biotechnature.com\\\/fr\\\/#\\\/schema\\\/logo\\\/image\\\/\"}}]}<\/script>\n<!-- \/ Yoast SEO plugin. -->","yoast_head_json":{"title":"Mentions L\u00e9gales - Biotechnature","robots":{"index":"noindex","follow":"nofollow"},"og_locale":"fr_FR","og_type":"article","og_title":"Mentions L\u00e9gales - Biotechnature","og_description":"Mentions L\u00e9gales Contact Us Le site internet www.biotechnature.com (ci-apr\u00e8s d\u00e9nomm\u00e9 \u00a0\u00bb le Site \u00ab\u00a0) est \u00e9dit\u00e9 et exploit\u00e9 par Biotechnature, Soci\u00e9t\u00e9 \u00e0 Responsabilit\u00e9 Limit\u00e9e au capital de 3 000 \u20ac, dont le si\u00e8ge social est situ\u00e9 Parc d&rsquo;Activit\u00e9s des Playes &#8211; 540 boulevard de l Europe &#8211; 83500 La Seyne-Sur-Mer. La soci\u00e9t\u00e9 est immatricul\u00e9e au [&hellip;]","og_url":"https:\/\/www.biotechnature.com\/fr\/mentions-legales\/","og_site_name":"Biotechnature","article_modified_time":"2021-08-20T15:57:47+00:00","twitter_card":"summary_large_image","twitter_misc":{"Dur\u00e9e de lecture estim\u00e9e":"2 minutes"},"schema":{"@context":"https:\/\/schema.org","@graph":[{"@type":"WebPage","@id":"https:\/\/www.biotechnature.com\/fr\/mentions-legales\/","url":"https:\/\/www.biotechnature.com\/fr\/mentions-legales\/","name":"Mentions L\u00e9gales - Biotechnature","isPartOf":{"@id":"https:\/\/www.biotechnature.com\/fr\/#website"},"datePublished":"2019-03-11T08:57:38+00:00","dateModified":"2021-08-20T15:57:47+00:00","breadcrumb":{"@id":"https:\/\/www.biotechnature.com\/fr\/mentions-legales\/#breadcrumb"},"inLanguage":"fr-FR","potentialAction":[{"@type":"ReadAction","target":["https:\/\/www.biotechnature.com\/fr\/mentions-legales\/"]}]},{"@type":"BreadcrumbList","@id":"https:\/\/www.biotechnature.com\/fr\/mentions-legales\/#breadcrumb","itemListElement":[{"@type":"ListItem","position":1,"name":"Accueil","item":"https:\/\/www.biotechnature.com\/fr\/"},{"@type":"ListItem","position":2,"name":"Mentions L\u00e9gales"}]},{"@type":"WebSite","@id":"https:\/\/www.biotechnature.com\/fr\/#website","url":"https:\/\/www.biotechnature.com\/fr\/","name":"Biotechnature","description":"","publisher":{"@id":"https:\/\/www.biotechnature.com\/fr\/#organization"},"potentialAction":[{"@type":"SearchAction","target":{"@type":"EntryPoint","urlTemplate":"https:\/\/www.biotechnature.com\/fr\/?s={search_term_string}"},"query-input":{"@type":"PropertyValueSpecification","valueRequired":true,"valueName":"search_term_string"}}],"inLanguage":"fr-FR"},{"@type":"Organization","@id":"https:\/\/www.biotechnature.com\/fr\/#organization","name":"Biotechnature","url":"https:\/\/www.biotechnature.com\/fr\/","logo":{"@type":"ImageObject","inLanguage":"fr-FR","@id":"https:\/\/www.biotechnature.com\/fr\/#\/schema\/logo\/image\/","url":"https:\/\/www.biotechnature.com\/wp-content\/uploads\/logo-biotechnature.png","contentUrl":"https:\/\/www.biotechnature.com\/wp-content\/uploads\/logo-biotechnature.png","width":1200,"height":132,"caption":"Biotechnature"},"image":{"@id":"https:\/\/www.biotechnature.com\/fr\/#\/schema\/logo\/image\/"}}]}},"_links":{"self":[{"href":"https:\/\/www.biotechnature.com\/fr\/wp-json\/wp\/v2\/pages\/4613","targetHints":{"allow":["GET"]}}],"collection":[{"href":"https:\/\/www.biotechnature.com\/fr\/wp-json\/wp\/v2\/pages"}],"about":[{"href":"https:\/\/www.biotechnature.com\/fr\/wp-json\/wp\/v2\/types\/page"}],"author":[{"embeddable":true,"href":"https:\/\/www.biotechnature.com\/fr\/wp-json\/wp\/v2\/users\/1"}],"replies":[{"embeddable":true,"href":"https:\/\/www.biotechnature.com\/fr\/wp-json\/wp\/v2\/comments?post=4613"}],"version-history":[{"count":4,"href":"https:\/\/www.biotechnature.com\/fr\/wp-json\/wp\/v2\/pages\/4613\/revisions"}],"predecessor-version":[{"id":4622,"href":"https:\/\/www.biotechnature.com\/fr\/wp-json\/wp\/v2\/pages\/4613\/revisions\/4622"}],"wp:attachment":[{"href":"https:\/\/www.biotechnature.com\/fr\/wp-json\/wp\/v2\/media?parent=4613"}],"curies":[{"name":"wp","href":"https:\/\/api.w.org\/{rel}","templated":true}]}}