{"id":4596,"date":"2019-10-28T09:12:27","date_gmt":"2021-08-20T08:43:40","guid":{"rendered":"https:\/\/www.biotechnature.com\/?post_type=product&#038;p=4596"},"modified":"2024-08-02T09:13:43","modified_gmt":"2024-08-02T07:13:43","slug":"kanberra-gel","status":"publish","type":"product","link":"https:\/\/www.biotechnature.com\/fr\/produit\/kanberra-gel\/","title":{"rendered":"Kanberra Gel"},"content":{"rendered":"<h4 class=\"contact-blockquote\">Pour toute demande sup\u00e9rieure \u00e0 15 produits ou pour une livraison hors de la France m\u00e9tropolitaine, veuillez nous contacter pour obtenir un devis.<\/h4>\n<ul>\n<li><span dir=\"ltr\" role=\"presentation\">Le mouvement de l&rsquo;air transporte l&rsquo;huile d&rsquo;arbre \u00e0 th\u00e9 (TTO) dans l&rsquo;air pour \u00e9liminer les<\/span><br role=\"presentation\" \/><span dir=\"ltr\" role=\"presentation\">odeurs fortes et tenaces.<\/span><\/li>\n<li><span dir=\"ltr\" role=\"presentation\">Le gel reste efficace durant 70 \u00e0 90 jours, et 45 jours suppl\u00e9mentaires apr\u00e8s la<\/span><br role=\"presentation\" \/><span dir=\"ltr\" role=\"presentation\">disparition du gel.<\/span><\/li>\n<li><span dir=\"ltr\" role=\"presentation\">Protection 24h\/24 et 7j\/7.<\/span><\/li>\n<li><span dir=\"ltr\" role=\"presentation\">Contenant tr\u00e8s pratiques disponibles dans une grande vari\u00e9t\u00e9 de tailles<\/span><br role=\"presentation\" \/><span dir=\"ltr\" role=\"presentation\">(\u00e0 conserver et \u00e0 r\u00e9utiliser pour les recharger)<\/span><\/li>\n<li><span dir=\"ltr\" role=\"presentation\">Ouvrez simplement le pot, retirez l&rsquo;opercule et placez le pot, l\u00e0 o\u00f9 vous en avez besoin.<\/span><\/li>\n<li><span dir=\"ltr\" role=\"presentation\">Recharge disponible en 700ml. R\u00e9utilisez les pots existants pour faire des \u00e9conomies<\/span><br role=\"presentation\" \/><span dir=\"ltr\" role=\"presentation\">gr\u00e2ce aux recharges.<\/span><\/li>\n<\/ul>\n","protected":false},"excerpt":{"rendered":"<p>Pour toute demande sup\u00e9rieure \u00e0 15 produits ou pour une livraison hors de la France m\u00e9tropolitaine, veuillez nous contacter pour obtenir un devis. Le mouvement de l&rsquo;air transporte l&rsquo;huile d&rsquo;arbre \u00e0 th\u00e9 (TTO) dans l&rsquo;air pour \u00e9liminer lesodeurs fortes et tenaces. Le gel reste efficace durant 70 \u00e0 90 jours, et 45 jours suppl\u00e9mentaires apr\u00e8s [&hellip;]<\/p>\n","protected":false},"featured_media":1710,"template":"","meta":{"ocean_post_layout":"full-width","ocean_both_sidebars_style":"","ocean_both_sidebars_content_width":0,"ocean_both_sidebars_sidebars_width":0,"ocean_sidebar":"0","ocean_second_sidebar":"0","ocean_disable_margins":"enable","ocean_add_body_class":"","ocean_shortcode_before_top_bar":"","ocean_shortcode_after_top_bar":"","ocean_shortcode_before_header":"","ocean_shortcode_after_header":"","ocean_has_shortcode":"","ocean_shortcode_after_title":"","ocean_shortcode_before_footer_widgets":"","ocean_shortcode_after_footer_widgets":"","ocean_shortcode_before_footer_bottom":"","ocean_shortcode_after_footer_bottom":"","ocean_display_top_bar":"default","ocean_display_header":"default","ocean_header_style":"","ocean_center_header_left_menu":"0","ocean_custom_header_template":"0","ocean_custom_logo":0,"ocean_custom_retina_logo":0,"ocean_custom_logo_max_width":0,"ocean_custom_logo_tablet_max_width":0,"ocean_custom_logo_mobile_max_width":0,"ocean_custom_logo_max_height":0,"ocean_custom_logo_tablet_max_height":0,"ocean_custom_logo_mobile_max_height":0,"ocean_header_custom_menu":"0","ocean_menu_typo_font_family":"0","ocean_menu_typo_font_subset":"","ocean_menu_typo_font_size":0,"ocean_menu_typo_font_size_tablet":0,"ocean_menu_typo_font_size_mobile":0,"ocean_menu_typo_font_size_unit":"px","ocean_menu_typo_font_weight":"","ocean_menu_typo_font_weight_tablet":"","ocean_menu_typo_font_weight_mobile":"","ocean_menu_typo_transform":"","ocean_menu_typo_transform_tablet":"","ocean_menu_typo_transform_mobile":"","ocean_menu_typo_line_height":0,"ocean_menu_typo_line_height_tablet":0,"ocean_menu_typo_line_height_mobile":0,"ocean_menu_typo_line_height_unit":"","ocean_menu_typo_spacing":0,"ocean_menu_typo_spacing_tablet":0,"ocean_menu_typo_spacing_mobile":0,"ocean_menu_typo_spacing_unit":"","ocean_menu_link_color":"","ocean_menu_link_color_hover":"","ocean_menu_link_color_active":"","ocean_menu_link_background":"","ocean_menu_link_hover_background":"","ocean_menu_link_active_background":"","ocean_menu_social_links_bg":"","ocean_menu_social_hover_links_bg":"","ocean_menu_social_links_color":"","ocean_menu_social_hover_links_color":"","ocean_disable_title":"default","ocean_disable_heading":"default","ocean_post_title":"","ocean_post_subheading":"","ocean_post_title_style":"","ocean_post_title_background_color":"","ocean_post_title_background":0,"ocean_post_title_bg_image_position":"","ocean_post_title_bg_image_attachment":"","ocean_post_title_bg_image_repeat":"","ocean_post_title_bg_image_size":"","ocean_post_title_height":0,"ocean_post_title_bg_overlay":0.5,"ocean_post_title_bg_overlay_color":"","ocean_disable_breadcrumbs":"default","ocean_breadcrumbs_color":"","ocean_breadcrumbs_separator_color":"","ocean_breadcrumbs_links_color":"","ocean_breadcrumbs_links_hover_color":"","ocean_display_footer_widgets":"default","ocean_display_footer_bottom":"default","ocean_custom_footer_template":"0","ofc_enable_fullscreen":"disable","ofc_fullscreen_speed":0,"ofc_fullscreen_nav":"enable","ofc_fullscreen_nav_pos":"right","ofc_fullscreen_nav_color":"","ofc_fullscreen_nav_tooltip_color":"","ofc_fullscreen_responsive":0,"osh_disable_topbar_sticky":"default","osh_disable_header_sticky":"default","osh_sticky_header_style":"default","osh_sticky_header_effect":"","osh_custom_sticky_logo":0,"osh_custom_retina_sticky_logo":0,"osh_custom_sticky_logo_height":0,"osh_background_color":"","osh_links_color":"","osh_links_hover_color":"","osh_links_active_color":"","osh_links_bg_color":"","osh_links_hover_bg_color":"","osh_links_active_bg_color":"","osh_menu_social_links_color":"","osh_menu_social_hover_links_color":""},"product_brand":[],"product_cat":[41],"product_tag":[],"class_list":{"0":"post-4596","1":"product","2":"type-product","3":"status-publish","4":"has-post-thumbnail","6":"product_cat-kanberra-fr","8":"entry","9":"has-media","11":"first","12":"instock","13":"taxable","14":"shipping-taxable","15":"purchasable","16":"product-type-variable","17":"has-product-nav","18":"col","19":"span_1_of_3","20":"owp-content-center","21":"owp-thumbs-layout-horizontal","22":"owp-btn-big","23":"owp-tabs-layout-section"},"yoast_head":"<!-- This site is optimized with the Yoast SEO plugin v27.4 - https:\/\/yoast.com\/product\/yoast-seo-wordpress\/ -->\n<title>Kanberra Gel - Biotechnature<\/title>\n<meta name=\"robots\" content=\"index, follow, max-snippet:-1, max-image-preview:large, max-video-preview:-1\" \/>\n<link rel=\"canonical\" href=\"https:\/\/www.biotechnature.com\/fr\/produit\/kanberra-gel\/\" \/>\n<meta property=\"og:locale\" content=\"fr_FR\" \/>\n<meta property=\"og:type\" content=\"article\" \/>\n<meta property=\"og:title\" content=\"Kanberra Gel - Biotechnature\" \/>\n<meta property=\"og:description\" content=\"Pour toute demande sup\u00e9rieure \u00e0 15 produits ou pour une livraison hors de la France m\u00e9tropolitaine, veuillez nous contacter pour obtenir un devis. Le mouvement de l&rsquo;air transporte l&rsquo;huile d&rsquo;arbre \u00e0 th\u00e9 (TTO) dans l&rsquo;air pour \u00e9liminer lesodeurs fortes et tenaces. Le gel reste efficace durant 70 \u00e0 90 jours, et 45 jours suppl\u00e9mentaires apr\u00e8s [&hellip;]\" \/>\n<meta property=\"og:url\" content=\"https:\/\/www.biotechnature.com\/fr\/produit\/kanberra-gel\/\" \/>\n<meta property=\"og:site_name\" content=\"Biotechnature\" \/>\n<meta property=\"article:modified_time\" content=\"2024-08-02T07:13:43+00:00\" \/>\n<meta property=\"og:image\" content=\"https:\/\/www.biotechnature.com\/wp-content\/uploads\/Kanberra_8oz_New_Label.jpg\" \/>\n\t<meta property=\"og:image:width\" content=\"1024\" \/>\n\t<meta property=\"og:image:height\" content=\"731\" \/>\n\t<meta property=\"og:image:type\" content=\"image\/jpeg\" \/>\n<meta name=\"twitter:card\" content=\"summary_large_image\" \/>\n<meta name=\"twitter:label1\" content=\"Dur\u00e9e de lecture estim\u00e9e\" \/>\n\t<meta name=\"twitter:data1\" content=\"1 minute\" \/>\n<script type=\"application\/ld+json\" class=\"yoast-schema-graph\">{\"@context\":\"https:\\\/\\\/schema.org\",\"@graph\":[{\"@type\":\"WebPage\",\"@id\":\"https:\\\/\\\/www.biotechnature.com\\\/fr\\\/produit\\\/kanberra-gel\\\/\",\"url\":\"https:\\\/\\\/www.biotechnature.com\\\/fr\\\/produit\\\/kanberra-gel\\\/\",\"name\":\"Kanberra Gel - Biotechnature\",\"isPartOf\":{\"@id\":\"https:\\\/\\\/www.biotechnature.com\\\/fr\\\/#website\"},\"primaryImageOfPage\":{\"@id\":\"https:\\\/\\\/www.biotechnature.com\\\/fr\\\/produit\\\/kanberra-gel\\\/#primaryimage\"},\"image\":{\"@id\":\"https:\\\/\\\/www.biotechnature.com\\\/fr\\\/produit\\\/kanberra-gel\\\/#primaryimage\"},\"thumbnailUrl\":\"https:\\\/\\\/www.biotechnature.com\\\/wp-content\\\/uploads\\\/Kanberra_8oz_New_Label.jpg\",\"datePublished\":\"2021-08-20T08:43:40+00:00\",\"dateModified\":\"2024-08-02T07:13:43+00:00\",\"breadcrumb\":{\"@id\":\"https:\\\/\\\/www.biotechnature.com\\\/fr\\\/produit\\\/kanberra-gel\\\/#breadcrumb\"},\"inLanguage\":\"fr-FR\",\"potentialAction\":[{\"@type\":\"ReadAction\",\"target\":[\"https:\\\/\\\/www.biotechnature.com\\\/fr\\\/produit\\\/kanberra-gel\\\/\"]}]},{\"@type\":\"ImageObject\",\"inLanguage\":\"fr-FR\",\"@id\":\"https:\\\/\\\/www.biotechnature.com\\\/fr\\\/produit\\\/kanberra-gel\\\/#primaryimage\",\"url\":\"https:\\\/\\\/www.biotechnature.com\\\/wp-content\\\/uploads\\\/Kanberra_8oz_New_Label.jpg\",\"contentUrl\":\"https:\\\/\\\/www.biotechnature.com\\\/wp-content\\\/uploads\\\/Kanberra_8oz_New_Label.jpg\",\"width\":1024,\"height\":731},{\"@type\":\"BreadcrumbList\",\"@id\":\"https:\\\/\\\/www.biotechnature.com\\\/fr\\\/produit\\\/kanberra-gel\\\/#breadcrumb\",\"itemListElement\":[{\"@type\":\"ListItem\",\"position\":1,\"name\":\"Accueil\",\"item\":\"https:\\\/\\\/www.biotechnature.com\\\/fr\\\/\"},{\"@type\":\"ListItem\",\"position\":2,\"name\":\"Boutique\",\"item\":\"https:\\\/\\\/www.biotechnature.com\\\/fr\\\/boutique\\\/\"},{\"@type\":\"ListItem\",\"position\":3,\"name\":\"Kanberra Gel\"}]},{\"@type\":\"WebSite\",\"@id\":\"https:\\\/\\\/www.biotechnature.com\\\/fr\\\/#website\",\"url\":\"https:\\\/\\\/www.biotechnature.com\\\/fr\\\/\",\"name\":\"Biotechnature\",\"description\":\"\",\"publisher\":{\"@id\":\"https:\\\/\\\/www.biotechnature.com\\\/fr\\\/#organization\"},\"potentialAction\":[{\"@type\":\"SearchAction\",\"target\":{\"@type\":\"EntryPoint\",\"urlTemplate\":\"https:\\\/\\\/www.biotechnature.com\\\/fr\\\/?s={search_term_string}\"},\"query-input\":{\"@type\":\"PropertyValueSpecification\",\"valueRequired\":true,\"valueName\":\"search_term_string\"}}],\"inLanguage\":\"fr-FR\"},{\"@type\":\"Organization\",\"@id\":\"https:\\\/\\\/www.biotechnature.com\\\/fr\\\/#organization\",\"name\":\"Biotechnature\",\"url\":\"https:\\\/\\\/www.biotechnature.com\\\/fr\\\/\",\"logo\":{\"@type\":\"ImageObject\",\"inLanguage\":\"fr-FR\",\"@id\":\"https:\\\/\\\/www.biotechnature.com\\\/fr\\\/#\\\/schema\\\/logo\\\/image\\\/\",\"url\":\"https:\\\/\\\/www.biotechnature.com\\\/wp-content\\\/uploads\\\/logo-biotechnature.png\",\"contentUrl\":\"https:\\\/\\\/www.biotechnature.com\\\/wp-content\\\/uploads\\\/logo-biotechnature.png\",\"width\":1200,\"height\":132,\"caption\":\"Biotechnature\"},\"image\":{\"@id\":\"https:\\\/\\\/www.biotechnature.com\\\/fr\\\/#\\\/schema\\\/logo\\\/image\\\/\"}}]}<\/script>\n<!-- \/ Yoast SEO plugin. -->","yoast_head_json":{"title":"Kanberra Gel - Biotechnature","robots":{"index":"index","follow":"follow","max-snippet":"max-snippet:-1","max-image-preview":"max-image-preview:large","max-video-preview":"max-video-preview:-1"},"canonical":"https:\/\/www.biotechnature.com\/fr\/produit\/kanberra-gel\/","og_locale":"fr_FR","og_type":"article","og_title":"Kanberra Gel - Biotechnature","og_description":"Pour toute demande sup\u00e9rieure \u00e0 15 produits ou pour une livraison hors de la France m\u00e9tropolitaine, veuillez nous contacter pour obtenir un devis. Le mouvement de l&rsquo;air transporte l&rsquo;huile d&rsquo;arbre \u00e0 th\u00e9 (TTO) dans l&rsquo;air pour \u00e9liminer lesodeurs fortes et tenaces. Le gel reste efficace durant 70 \u00e0 90 jours, et 45 jours suppl\u00e9mentaires apr\u00e8s [&hellip;]","og_url":"https:\/\/www.biotechnature.com\/fr\/produit\/kanberra-gel\/","og_site_name":"Biotechnature","article_modified_time":"2024-08-02T07:13:43+00:00","og_image":[{"width":1024,"height":731,"url":"https:\/\/www.biotechnature.com\/wp-content\/uploads\/Kanberra_8oz_New_Label.jpg","type":"image\/jpeg"}],"twitter_card":"summary_large_image","twitter_misc":{"Dur\u00e9e de lecture estim\u00e9e":"1 minute"},"schema":{"@context":"https:\/\/schema.org","@graph":[{"@type":"WebPage","@id":"https:\/\/www.biotechnature.com\/fr\/produit\/kanberra-gel\/","url":"https:\/\/www.biotechnature.com\/fr\/produit\/kanberra-gel\/","name":"Kanberra Gel - Biotechnature","isPartOf":{"@id":"https:\/\/www.biotechnature.com\/fr\/#website"},"primaryImageOfPage":{"@id":"https:\/\/www.biotechnature.com\/fr\/produit\/kanberra-gel\/#primaryimage"},"image":{"@id":"https:\/\/www.biotechnature.com\/fr\/produit\/kanberra-gel\/#primaryimage"},"thumbnailUrl":"https:\/\/www.biotechnature.com\/wp-content\/uploads\/Kanberra_8oz_New_Label.jpg","datePublished":"2021-08-20T08:43:40+00:00","dateModified":"2024-08-02T07:13:43+00:00","breadcrumb":{"@id":"https:\/\/www.biotechnature.com\/fr\/produit\/kanberra-gel\/#breadcrumb"},"inLanguage":"fr-FR","potentialAction":[{"@type":"ReadAction","target":["https:\/\/www.biotechnature.com\/fr\/produit\/kanberra-gel\/"]}]},{"@type":"ImageObject","inLanguage":"fr-FR","@id":"https:\/\/www.biotechnature.com\/fr\/produit\/kanberra-gel\/#primaryimage","url":"https:\/\/www.biotechnature.com\/wp-content\/uploads\/Kanberra_8oz_New_Label.jpg","contentUrl":"https:\/\/www.biotechnature.com\/wp-content\/uploads\/Kanberra_8oz_New_Label.jpg","width":1024,"height":731},{"@type":"BreadcrumbList","@id":"https:\/\/www.biotechnature.com\/fr\/produit\/kanberra-gel\/#breadcrumb","itemListElement":[{"@type":"ListItem","position":1,"name":"Accueil","item":"https:\/\/www.biotechnature.com\/fr\/"},{"@type":"ListItem","position":2,"name":"Boutique","item":"https:\/\/www.biotechnature.com\/fr\/boutique\/"},{"@type":"ListItem","position":3,"name":"Kanberra Gel"}]},{"@type":"WebSite","@id":"https:\/\/www.biotechnature.com\/fr\/#website","url":"https:\/\/www.biotechnature.com\/fr\/","name":"Biotechnature","description":"","publisher":{"@id":"https:\/\/www.biotechnature.com\/fr\/#organization"},"potentialAction":[{"@type":"SearchAction","target":{"@type":"EntryPoint","urlTemplate":"https:\/\/www.biotechnature.com\/fr\/?s={search_term_string}"},"query-input":{"@type":"PropertyValueSpecification","valueRequired":true,"valueName":"search_term_string"}}],"inLanguage":"fr-FR"},{"@type":"Organization","@id":"https:\/\/www.biotechnature.com\/fr\/#organization","name":"Biotechnature","url":"https:\/\/www.biotechnature.com\/fr\/","logo":{"@type":"ImageObject","inLanguage":"fr-FR","@id":"https:\/\/www.biotechnature.com\/fr\/#\/schema\/logo\/image\/","url":"https:\/\/www.biotechnature.com\/wp-content\/uploads\/logo-biotechnature.png","contentUrl":"https:\/\/www.biotechnature.com\/wp-content\/uploads\/logo-biotechnature.png","width":1200,"height":132,"caption":"Biotechnature"},"image":{"@id":"https:\/\/www.biotechnature.com\/fr\/#\/schema\/logo\/image\/"}}]}},"_links":{"self":[{"href":"https:\/\/www.biotechnature.com\/fr\/wp-json\/wp\/v2\/product\/4596","targetHints":{"allow":["GET"]}}],"collection":[{"href":"https:\/\/www.biotechnature.com\/fr\/wp-json\/wp\/v2\/product"}],"about":[{"href":"https:\/\/www.biotechnature.com\/fr\/wp-json\/wp\/v2\/types\/product"}],"wp:featuredmedia":[{"embeddable":true,"href":"https:\/\/www.biotechnature.com\/fr\/wp-json\/wp\/v2\/media\/1710"}],"wp:attachment":[{"href":"https:\/\/www.biotechnature.com\/fr\/wp-json\/wp\/v2\/media?parent=4596"}],"wp:term":[{"taxonomy":"product_brand","embeddable":true,"href":"https:\/\/www.biotechnature.com\/fr\/wp-json\/wp\/v2\/product_brand?post=4596"},{"taxonomy":"product_cat","embeddable":true,"href":"https:\/\/www.biotechnature.com\/fr\/wp-json\/wp\/v2\/product_cat?post=4596"},{"taxonomy":"product_tag","embeddable":true,"href":"https:\/\/www.biotechnature.com\/fr\/wp-json\/wp\/v2\/product_tag?post=4596"}],"curies":[{"name":"wp","href":"https:\/\/api.w.org\/{rel}","templated":true}]}}